{"id":72,"date":"2023-06-10T15:11:02","date_gmt":"2023-06-10T15:11:02","guid":{"rendered":"http:\/\/maison-bellevue-pont-du-gard.com\/?page_id=72"},"modified":"2023-11-03T12:28:08","modified_gmt":"2023-11-03T12:28:08","slug":"maison-bellevue","status":"publish","type":"page","link":"http:\/\/maison-bellevue-pont-du-gard.com\/de\/","title":{"rendered":"Maison Bellevue"},"content":{"rendered":"<div data-elementor-type=\"wp-page\" data-elementor-id=\"72\" class=\"elementor elementor-72\">\n\t\t\t\t\t\t<section class=\"elementor-section elementor-top-section elementor-element elementor-element-c0f1df5 elementor-section-boxed elementor-section-height-default elementor-section-height-default\" data-id=\"c0f1df5\" data-element_type=\"section\">\n\t\t\t\t\t\t<div class=\"elementor-container elementor-column-gap-default\">\n\t\t\t\t\t<div class=\"elementor-column elementor-col-100 elementor-top-column elementor-element elementor-element-35ca666\" data-id=\"35ca666\" data-element_type=\"column\">\n\t\t\t<div class=\"elementor-widget-wrap elementor-element-populated\">\n\t\t\t\t\t\t<div class=\"elementor-element elementor-element-125b6e6 elementor-widget elementor-widget-image\" data-id=\"125b6e6\" data-element_type=\"widget\" data-widget_type=\"image.default\">\n\t\t\t\t<div class=\"elementor-widget-container\">\n\t\t\t\t\t\t\t\t\t\t\t\t\t\t\t<img decoding=\"async\" src=\"https:\/\/maison-bellevue-pont-du-gard.com\/wp-content\/uploads\/2023\/11\/loggaIMG_8878medtext-scaled.jpg\" title=\"loggaIMG_8878medtext\" alt=\"loggaIMG_8878medtext\" loading=\"lazy\" \/>\t\t\t\t\t\t\t\t\t\t\t\t\t\t\t<\/div>\n\t\t\t\t<\/div>\n\t\t\t\t\t<\/div>\n\t\t<\/div>\n\t\t\t\t\t<\/div>\n\t\t<\/section>\n\t\t\t\t<section class=\"elementor-section elementor-top-section elementor-element elementor-element-7ad9e443 elementor-section-boxed elementor-section-height-default elementor-section-height-default\" data-id=\"7ad9e443\" data-element_type=\"section\">\n\t\t\t\t\t\t<div class=\"elementor-container elementor-column-gap-default\">\n\t\t\t\t\t<div class=\"elementor-column elementor-col-100 elementor-top-column elementor-element elementor-element-1548b277\" data-id=\"1548b277\" data-element_type=\"column\">\n\t\t\t<div class=\"elementor-widget-wrap elementor-element-populated\">\n\t\t\t\t\t\t<div class=\"elementor-element elementor-element-ab4ef1d elementor-widget__width-initial hfe-nav-menu__theme-icon-no hfe-nav-menu__align-left hfe-submenu-icon-arrow hfe-submenu-animation-none hfe-link-redirect-child hfe-nav-menu__breakpoint-tablet elementor-widget elementor-widget-navigation-menu\" data-id=\"ab4ef1d\" data-element_type=\"widget\" data-settings=\"{&quot;padding_horizontal_menu_item&quot;:{&quot;unit&quot;:&quot;px&quot;,&quot;size&quot;:15,&quot;sizes&quot;:[]},&quot;padding_horizontal_menu_item_tablet&quot;:{&quot;unit&quot;:&quot;px&quot;,&quot;size&quot;:&quot;&quot;,&quot;sizes&quot;:[]},&quot;padding_horizontal_menu_item_mobile&quot;:{&quot;unit&quot;:&quot;px&quot;,&quot;size&quot;:&quot;&quot;,&quot;sizes&quot;:[]},&quot;padding_vertical_menu_item&quot;:{&quot;unit&quot;:&quot;px&quot;,&quot;size&quot;:15,&quot;sizes&quot;:[]},&quot;padding_vertical_menu_item_tablet&quot;:{&quot;unit&quot;:&quot;px&quot;,&quot;size&quot;:&quot;&quot;,&quot;sizes&quot;:[]},&quot;padding_vertical_menu_item_mobile&quot;:{&quot;unit&quot;:&quot;px&quot;,&quot;size&quot;:&quot;&quot;,&quot;sizes&quot;:[]},&quot;menu_space_between&quot;:{&quot;unit&quot;:&quot;px&quot;,&quot;size&quot;:&quot;&quot;,&quot;sizes&quot;:[]},&quot;menu_space_between_tablet&quot;:{&quot;unit&quot;:&quot;px&quot;,&quot;size&quot;:&quot;&quot;,&quot;sizes&quot;:[]},&quot;menu_space_between_mobile&quot;:{&quot;unit&quot;:&quot;px&quot;,&quot;size&quot;:&quot;&quot;,&quot;sizes&quot;:[]},&quot;menu_row_space&quot;:{&quot;unit&quot;:&quot;px&quot;,&quot;size&quot;:&quot;&quot;,&quot;sizes&quot;:[]},&quot;menu_row_space_tablet&quot;:{&quot;unit&quot;:&quot;px&quot;,&quot;size&quot;:&quot;&quot;,&quot;sizes&quot;:[]},&quot;menu_row_space_mobile&quot;:{&quot;unit&quot;:&quot;px&quot;,&quot;size&quot;:&quot;&quot;,&quot;sizes&quot;:[]},&quot;dropdown_border_radius&quot;:{&quot;unit&quot;:&quot;px&quot;,&quot;top&quot;:&quot;&quot;,&quot;right&quot;:&quot;&quot;,&quot;bottom&quot;:&quot;&quot;,&quot;left&quot;:&quot;&quot;,&quot;isLinked&quot;:true},&quot;dropdown_border_radius_tablet&quot;:{&quot;unit&quot;:&quot;px&quot;,&quot;top&quot;:&quot;&quot;,&quot;right&quot;:&quot;&quot;,&quot;bottom&quot;:&quot;&quot;,&quot;left&quot;:&quot;&quot;,&quot;isLinked&quot;:true},&quot;dropdown_border_radius_mobile&quot;:{&quot;unit&quot;:&quot;px&quot;,&quot;top&quot;:&quot;&quot;,&quot;right&quot;:&quot;&quot;,&quot;bottom&quot;:&quot;&quot;,&quot;left&quot;:&quot;&quot;,&quot;isLinked&quot;:true},&quot;width_dropdown_item&quot;:{&quot;unit&quot;:&quot;px&quot;,&quot;size&quot;:&quot;220&quot;,&quot;sizes&quot;:[]},&quot;width_dropdown_item_tablet&quot;:{&quot;unit&quot;:&quot;px&quot;,&quot;size&quot;:&quot;&quot;,&quot;sizes&quot;:[]},&quot;width_dropdown_item_mobile&quot;:{&quot;unit&quot;:&quot;px&quot;,&quot;size&quot;:&quot;&quot;,&quot;sizes&quot;:[]},&quot;padding_horizontal_dropdown_item&quot;:{&quot;unit&quot;:&quot;px&quot;,&quot;size&quot;:&quot;&quot;,&quot;sizes&quot;:[]},&quot;padding_horizontal_dropdown_item_tablet&quot;:{&quot;unit&quot;:&quot;px&quot;,&quot;size&quot;:&quot;&quot;,&quot;sizes&quot;:[]},&quot;padding_horizontal_dropdown_item_mobile&quot;:{&quot;unit&quot;:&quot;px&quot;,&quot;size&quot;:&quot;&quot;,&quot;sizes&quot;:[]},&quot;padding_vertical_dropdown_item&quot;:{&quot;unit&quot;:&quot;px&quot;,&quot;size&quot;:15,&quot;sizes&quot;:[]},&quot;padding_vertical_dropdown_item_tablet&quot;:{&quot;unit&quot;:&quot;px&quot;,&quot;size&quot;:&quot;&quot;,&quot;sizes&quot;:[]},&quot;padding_vertical_dropdown_item_mobile&quot;:{&quot;unit&quot;:&quot;px&quot;,&quot;size&quot;:&quot;&quot;,&quot;sizes&quot;:[]},&quot;distance_from_menu&quot;:{&quot;unit&quot;:&quot;px&quot;,&quot;size&quot;:&quot;&quot;,&quot;sizes&quot;:[]},&quot;distance_from_menu_tablet&quot;:{&quot;unit&quot;:&quot;px&quot;,&quot;size&quot;:&quot;&quot;,&quot;sizes&quot;:[]},&quot;distance_from_menu_mobile&quot;:{&quot;unit&quot;:&quot;px&quot;,&quot;size&quot;:&quot;&quot;,&quot;sizes&quot;:[]},&quot;toggle_size&quot;:{&quot;unit&quot;:&quot;px&quot;,&quot;size&quot;:&quot;&quot;,&quot;sizes&quot;:[]},&quot;toggle_size_tablet&quot;:{&quot;unit&quot;:&quot;px&quot;,&quot;size&quot;:&quot;&quot;,&quot;sizes&quot;:[]},&quot;toggle_size_mobile&quot;:{&quot;unit&quot;:&quot;px&quot;,&quot;size&quot;:&quot;&quot;,&quot;sizes&quot;:[]},&quot;toggle_border_width&quot;:{&quot;unit&quot;:&quot;px&quot;,&quot;size&quot;:&quot;&quot;,&quot;sizes&quot;:[]},&quot;toggle_border_width_tablet&quot;:{&quot;unit&quot;:&quot;px&quot;,&quot;size&quot;:&quot;&quot;,&quot;sizes&quot;:[]},&quot;toggle_border_width_mobile&quot;:{&quot;unit&quot;:&quot;px&quot;,&quot;size&quot;:&quot;&quot;,&quot;sizes&quot;:[]},&quot;toggle_border_radius&quot;:{&quot;unit&quot;:&quot;px&quot;,&quot;size&quot;:&quot;&quot;,&quot;sizes&quot;:[]},&quot;toggle_border_radius_tablet&quot;:{&quot;unit&quot;:&quot;px&quot;,&quot;size&quot;:&quot;&quot;,&quot;sizes&quot;:[]},&quot;toggle_border_radius_mobile&quot;:{&quot;unit&quot;:&quot;px&quot;,&quot;size&quot;:&quot;&quot;,&quot;sizes&quot;:[]}}\" data-widget_type=\"navigation-menu.default\">\n\t\t\t\t<div class=\"elementor-widget-container\">\n\t\t\t\t\t\t\t\t<div class=\"hfe-nav-menu hfe-layout-horizontal hfe-nav-menu-layout horizontal hfe-pointer__none\" data-layout=\"horizontal\">\n\t\t\t\t<div role=\"button\" class=\"hfe-nav-menu__toggle elementor-clickable\" tabindex=\"0\" aria-label=\"Menu Toggle\">\n\t\t\t\t\t<span class=\"screen-reader-text\">Men\u00fc<\/span>\n\t\t\t\t\t<div class=\"hfe-nav-menu-icon\">\n\t\t\t\t\t\t<i aria-hidden=\"true\"  class=\"fas fa-align-justify\"><\/i>\t\t\t\t\t<\/div>\n\t\t\t\t<\/div>\n\t\t\t\t<nav class=\"hfe-nav-menu__layout-horizontal hfe-nav-menu__submenu-arrow\" data-toggle-icon=\"&lt;i aria-hidden=&quot;true&quot; tabindex=&quot;0&quot; class=&quot;fas fa-align-justify&quot;&gt;&lt;\/i&gt;\" data-close-icon=\"&lt;i aria-hidden=&quot;true&quot; tabindex=&quot;0&quot; class=&quot;far fa-window-close&quot;&gt;&lt;\/i&gt;\" data-full-width=\"yes\">\n\t\t\t\t\t<ul id=\"menu-1-ab4ef1d\" class=\"hfe-nav-menu\"><li id=\"menu-item-250\" class=\"menu-item menu-item-type-post_type menu-item-object-page menu-item-home parent hfe-creative-menu\"><a href=\"http:\/\/maison-bellevue-pont-du-gard.com\/de\/\" class = \"hfe-menu-item\">Maison Bellevue<\/a><\/li>\n<li id=\"menu-item-252\" class=\"menu-item menu-item-type-post_type menu-item-object-page parent hfe-creative-menu\"><a href=\"http:\/\/maison-bellevue-pont-du-gard.com\/de\/galleri\/\" class = \"hfe-menu-item\">Galerie<\/a><\/li>\n<li id=\"menu-item-251\" class=\"menu-item menu-item-type-post_type menu-item-object-page parent hfe-creative-menu\"><a href=\"http:\/\/maison-bellevue-pont-du-gard.com\/de\/bokning-och-priser\/\" class = \"hfe-menu-item\">Buchung und Preise<\/a><\/li>\n<\/ul> \n\t\t\t\t<\/nav>\n\t\t\t<\/div>\n\t\t\t\t\t\t\t<\/div>\n\t\t\t\t<\/div>\n\t\t\t\t<div class=\"elementor-element elementor-element-29ab2483 elementor-widget__width-initial elementor-widget elementor-widget-text-editor\" data-id=\"29ab2483\" data-element_type=\"widget\" data-widget_type=\"text-editor.default\">\n\t\t\t\t<div class=\"elementor-widget-container\">\n\t\t\t\t\t\t\t\t\t<p><\/p>\n<p><\/p>\n<p><\/p>\n<p style=\"padding: 0;\">Willkommen in unserem \u201eMaison de Village\u201c im Dorf Remoulins am Fluss Gardon, 2,5 km vom Pont du Gard entfernt, im sch\u00f6nsten Weinviertel des Languedoc, mitten im Dreieck zwischen den St\u00e4dten N\u00eemes, Avignon und Uz\u00e8s. 45 Minuten vom Mittelmeer entfernt.\u00a0<\/p>\n<div class=\"wp-block-columns\">\n<div class=\"wp-block-column\" style=\"flex-basis: 100%;\">\n<figure class=\"wp-block-image size-large is-style-default\">\n<p><img fetchpriority=\"high\" decoding=\"async\" class=\"alignleft wp-image-593 size-large\" src=\"http:\/\/maison-bellevue-pont-du-gard.com\/wp-content\/uploads\/2023\/10\/IMG_8616-1024x683.jpg\" alt=\"\" width=\"750\" height=\"500\" srcset=\"http:\/\/maison-bellevue-pont-du-gard.com\/wp-content\/uploads\/2023\/10\/IMG_8616-1024x683.jpg 1024w, http:\/\/maison-bellevue-pont-du-gard.com\/wp-content\/uploads\/2023\/10\/IMG_8616-300x200.jpg 300w, http:\/\/maison-bellevue-pont-du-gard.com\/wp-content\/uploads\/2023\/10\/IMG_8616-768x512.jpg 768w, http:\/\/maison-bellevue-pont-du-gard.com\/wp-content\/uploads\/2023\/10\/IMG_8616-1536x1024.jpg 1536w, http:\/\/maison-bellevue-pont-du-gard.com\/wp-content\/uploads\/2023\/10\/IMG_8616-2048x1365.jpg 2048w, http:\/\/maison-bellevue-pont-du-gard.com\/wp-content\/uploads\/2023\/10\/IMG_8616-1568x1045.jpg 1568w\" sizes=\"(max-width: 750px) 100vw, 750px\" \/>Blick auf den Gardon River von unserem Balkon. Pont du Gard liegt direkt hinter der Flussbiegung.<\/p>\n<p>\u00a0<\/p>\n<\/figure>\n<\/div>\n<p>\u00a0<\/p>\n<\/div>\n<p><\/p>\n<p><\/p>\n<div class=\"wp-block-media-text alignwide is-stacked-on-mobile is-style-default\">\n<figure><\/figure>\n<figure><\/figure>\n<figure><\/figure>\n<figure><\/figure>\n<figure><\/figure>\n<figure class=\"wp-block-media-text__media\"><img decoding=\"async\" width=\"1024\" height=\"683\" class=\"wp-image-91 size-full\" src=\"http:\/\/maison-bellevue-pont-du-gard.com\/wp-content\/uploads\/2023\/06\/IMG_1221-1024x683.jpg\" alt=\"\" srcset=\"http:\/\/maison-bellevue-pont-du-gard.com\/wp-content\/uploads\/2023\/06\/IMG_1221-1024x683.jpg 1024w, http:\/\/maison-bellevue-pont-du-gard.com\/wp-content\/uploads\/2023\/06\/IMG_1221-300x200.jpg 300w, http:\/\/maison-bellevue-pont-du-gard.com\/wp-content\/uploads\/2023\/06\/IMG_1221-768x512.jpg 768w, http:\/\/maison-bellevue-pont-du-gard.com\/wp-content\/uploads\/2023\/06\/IMG_1221-1536x1024.jpg 1536w, http:\/\/maison-bellevue-pont-du-gard.com\/wp-content\/uploads\/2023\/06\/IMG_1221-2048x1365.jpg 2048w, http:\/\/maison-bellevue-pont-du-gard.com\/wp-content\/uploads\/2023\/06\/IMG_1221-1568x1045.jpg 1568w\" sizes=\"(max-width: 1024px) 100vw, 1024px\" \/><\/figure>\n<p>\u00a0<\/p>\n<div class=\"wp-block-media-text__content\">\n<p><\/p>\n<p><\/p>\n<p><\/p>\n<p>Baden im Fluss Le Gardon am r\u00f6mischen Aqu\u00e4dukt Pont du Gard.<\/p>\n<p><\/p>\n<\/div>\n<\/div>\n<p><\/p>\n<p><\/p>\n<h2 class=\"wp-block-heading\">\u00a0\u00a0<\/h2>\n<p><\/p>\n<p><\/p>\n<p><\/p>\n<p><\/p>\n<div class=\"wp-block-media-text alignwide is-stacked-on-mobile is-style-default\">\n<figure class=\"wp-block-media-text__media\"><img decoding=\"async\" width=\"768\" height=\"1024\" class=\"wp-image-90 size-full\" src=\"http:\/\/maison-bellevue-pont-du-gard.com\/wp-content\/uploads\/2023\/06\/20210707_214347-768x1024.jpg\" alt=\"\" srcset=\"http:\/\/maison-bellevue-pont-du-gard.com\/wp-content\/uploads\/2023\/06\/20210707_214347-768x1024.jpg 768w, http:\/\/maison-bellevue-pont-du-gard.com\/wp-content\/uploads\/2023\/06\/20210707_214347-225x300.jpg 225w, http:\/\/maison-bellevue-pont-du-gard.com\/wp-content\/uploads\/2023\/06\/20210707_214347-1152x1536.jpg 1152w, http:\/\/maison-bellevue-pont-du-gard.com\/wp-content\/uploads\/2023\/06\/20210707_214347-1536x2048.jpg 1536w, http:\/\/maison-bellevue-pont-du-gard.com\/wp-content\/uploads\/2023\/06\/20210707_214347-1568x2091.jpg 1568w, http:\/\/maison-bellevue-pont-du-gard.com\/wp-content\/uploads\/2023\/06\/20210707_214347-scaled.jpg 1920w\" sizes=\"(max-width: 768px) 100vw, 768px\" \/><\/figure>\n<div class=\"wp-block-media-text__content\">\n<p><\/p>\n<p><\/p>\n<p><\/p>\n<p>Die Geschichte von Remoulins geht als Dorf auf das 4. Jahrhundert n. Chr. zur\u00fcck, doch auf dem Berg \u201eGarrigues de Nimes\u201c auf der anderen Seite der Br\u00fccke wurden pr\u00e4historische \u00dcberreste von Wohnh\u00e4usern gefunden. Das Stadtmuseum in Uz\u00e8s erz\u00e4hlt von der Vorgeschichte, als es warm war, wie in Afrika, mit wilden Tieren wie L\u00f6wen und Tigern, Mammuts und Menschen, die hier in der N\u00e4he des Cervenner-Gebirges die T\u00e4ler bev\u00f6lkerten. Besonders typisch f\u00fcr die Gegend sind die Natur und die vielen \u201eBalad\u201c-Wanderwege\/Mountainbike-Strecken in den Bergen. Die Aussicht vom Maison Belle Vue l\u00e4sst sich als mittelalterliche, also unber\u00fchrte Natur einstufen. Die Wasserm\u00fchlen und Gasth\u00e4user an der Kreuzung sowie die Verteidigungsburg des Herzogs von Uz\u00e8s machten Remoulins im 18. und 19. Jahrhundert zusammen mit den damals 13 Gasth\u00e4usern besonders ber\u00fchmt.<\/p>\n<p><\/p>\n<\/div>\n<\/div>\n<p><\/p>\n<p><\/p>\n<div class=\"wp-block-columns is-layout-flex wp-container-core-columns-is-layout-9d6595d7 wp-block-columns-is-layout-flex\">\n<p><\/p>\n<div class=\"wp-block-column is-layout-flow wp-block-column-is-layout-flow\" style=\"flex-basis: 100%;\">\n<p><\/p>\n<p>Noch heute ist Remoulins f\u00fcr seine 10 Restaurants bekannt. Hostellerie du Moulin, Escaravats und La C\u00e9ri\u00e8re sind die wichtigsten. (ACHTUNG! Restaurants, die reserviert werden m\u00fcssen!) Dar\u00fcber hinaus gibt es Cr\u00e8peri und eine Reihe von Pizzerien und Fast Food.<\/p>\n<p><\/p>\n<\/div>\n<p><\/p>\n<\/div>\n<p><\/p>\n<p><\/p>\n<p>Die Kreuzung am Fluss und seine Ern\u00e4hrung spielen auch heute noch eine gro\u00dfe Rolle, da Remoulins nur 2000 Einwohner hat.<\/p>\n<p><\/p>\n<p><\/p>\n<h2 class=\"wp-block-heading\">\u00a0<\/h2>\n<p><\/p>\n<p><\/p>\n<div class=\"wp-block-media-text alignwide is-stacked-on-mobile\">\n<figure class=\"wp-block-media-text__media\"><img loading=\"lazy\" decoding=\"async\" width=\"1024\" height=\"683\" class=\"wp-image-107 size-full\" src=\"http:\/\/maison-bellevue-pont-du-gard.com\/wp-content\/uploads\/2023\/06\/IMG_8475-1024x683.jpg\" alt=\"\" srcset=\"http:\/\/maison-bellevue-pont-du-gard.com\/wp-content\/uploads\/2023\/06\/IMG_8475-1024x683.jpg 1024w, http:\/\/maison-bellevue-pont-du-gard.com\/wp-content\/uploads\/2023\/06\/IMG_8475-300x200.jpg 300w, http:\/\/maison-bellevue-pont-du-gard.com\/wp-content\/uploads\/2023\/06\/IMG_8475-768x512.jpg 768w, http:\/\/maison-bellevue-pont-du-gard.com\/wp-content\/uploads\/2023\/06\/IMG_8475-1536x1024.jpg 1536w, http:\/\/maison-bellevue-pont-du-gard.com\/wp-content\/uploads\/2023\/06\/IMG_8475-2048x1365.jpg 2048w, http:\/\/maison-bellevue-pont-du-gard.com\/wp-content\/uploads\/2023\/06\/IMG_8475-1568x1045.jpg 1568w\" sizes=\"(max-width: 1024px) 100vw, 1024px\" \/><\/figure>\n<div class=\"wp-block-media-text__content\">\n<p><\/p>\n<p>Maison Bellevue ist das letzte Haus der alten Stadtringmauer im Nordwesten. Heute gibt es eine schmale Gasse, die \u00fcbersetzt \u201eStra\u00dfe des alten B\u00fcrgermeisters\u201c \u201eRue L'ancienne Mairie\u201c hei\u00dft und in einer Schlagstra\u00dfe vor unserem Tor endet.<\/p>\n<p><\/p>\n<\/div>\n<\/div>\n<p><\/p>\n<p><\/p>\n<p>Nur wenige H\u00e4user im Dorf verf\u00fcgen \u00fcber Gartenterrassen von 2\u00d730 qm wie unseres und wir k\u00f6nnen auf jeden Fall mit der sch\u00f6nsten Aussicht aufwarten. Urspr\u00fcnglich war es ein wirklich gro\u00dfes Haus, das Anfang des 20. Jahrhunderts in zwei Teile geteilt wurde. Angesichts der Aussicht und der Adresse in der Altstadt, in der N\u00e4he der \u00e4ltesten Kirche aus dem 12. Jahrhundert, handelte es sich wahrscheinlich um eines der Gasth\u00e4user. Ein Teil des Hauses stammt aus dem 18. Jahrhundert oder \u00e4lter, ein Teil aus dem 19. Jahrhundert. Es ist neu renoviert mit drei Schlafzimmern, zwei Badezimmern, drei Toiletten, Wohnzimmer ca. 40 qm, K\u00fcche, Musikveranda mit Fl\u00fcgel, Balkon, Whirlpool \u2013 mit Salzwasser.<\/p>\n<p><\/p>\n<p><\/p>\n<div class=\"wp-block-media-text alignwide is-stacked-on-mobile\">\n<figure class=\"wp-block-media-text__media\"><img loading=\"lazy\" decoding=\"async\" class=\"alignnone wp-image-596 size-full\" src=\"http:\/\/maison-bellevue-pont-du-gard.com\/wp-content\/uploads\/2023\/10\/IMG_8804-scaled.jpg\" alt=\"\" width=\"2560\" height=\"1707\" srcset=\"http:\/\/maison-bellevue-pont-du-gard.com\/wp-content\/uploads\/2023\/10\/IMG_8804-scaled.jpg 2560w, http:\/\/maison-bellevue-pont-du-gard.com\/wp-content\/uploads\/2023\/10\/IMG_8804-300x200.jpg 300w, http:\/\/maison-bellevue-pont-du-gard.com\/wp-content\/uploads\/2023\/10\/IMG_8804-1024x683.jpg 1024w, http:\/\/maison-bellevue-pont-du-gard.com\/wp-content\/uploads\/2023\/10\/IMG_8804-768x512.jpg 768w, http:\/\/maison-bellevue-pont-du-gard.com\/wp-content\/uploads\/2023\/10\/IMG_8804-1536x1024.jpg 1536w, http:\/\/maison-bellevue-pont-du-gard.com\/wp-content\/uploads\/2023\/10\/IMG_8804-2048x1365.jpg 2048w, http:\/\/maison-bellevue-pont-du-gard.com\/wp-content\/uploads\/2023\/10\/IMG_8804-1568x1045.jpg 1568w\" sizes=\"(max-width: 2560px) 100vw, 2560px\" \/><\/figure>\n<div class=\"wp-block-media-text__content\">\n<p><\/p>\n<p>L'ancienne Remoulins liegt auf einer H\u00f6he von etwa 10-12 Metern \u00fcber dem Fluss Le Gardon.<\/p>\n<p><\/p>\n<\/div>\n<\/div>\n<p><\/p>\n<p><\/p>\n<p>Das Dorf verf\u00fcgt \u00fcberwiegend \u00fcber ein mittelalterliches Stra\u00dfennetz, allerdings wurden die H\u00e4user w\u00e4hrend der Religionskriege im 18. Jahrhundert stark besch\u00e4digt. Heute scheinen die H\u00e4user aus dem 18. Jahrhundert zu stammen, aber die meisten sind wahrscheinlich \u00e4ltere Steinh\u00e4user, die renoviert wurden. F\u00fcr den Autoverkehr sind die Stra\u00dfen zu eng. Die Hauptstra\u00dfe durch das Dorf liegt in einem neueren Viertel von Remoulins, sie ist immer noch die Kreuzung und die alte Stra\u00dfe nach N\u00eemes, die nach Norden nach Avignon und Uz\u00e8s im Nordwesten f\u00fchrt.<\/p>\n<p><\/p>\n<p><\/p>\n<p><\/p>\t\t\t\t\t\t\t\t<\/div>\n\t\t\t\t<\/div>\n\t\t\t\t\t<\/div>\n\t\t<\/div>\n\t\t\t\t\t<\/div>\n\t\t<\/section>\n\t\t\t\t<\/div>","protected":false},"excerpt":{"rendered":"<p>Menu Maison Bellevue Galleri Bokning och priser V\u00e4lkommen till v\u00e5rt &#8221;Maison de Village&#8221; i byn Remoulins vid floden Gardon 2,5 km fr\u00e5n Pont du Gard, bel\u00e4get i Languedocs finaste vindistrikt, mitt i triangeln mellan st\u00e4derna N\u00eemes, Avignon och Uz\u00e8s. 45 minuter fr\u00e5n Medelhavet.\u00a0 Utsikt \u00f6ver Gardon-floden fr\u00e5n v\u00e5r balkong. Pont du Gard ligger alldeles bakom&hellip; <a class=\"more-link\" href=\"http:\/\/maison-bellevue-pont-du-gard.com\/de\/\"><span class=\"screen-reader-text\">Maison Bellevue<\/span> weiterlesen<\/a><\/p>","protected":false},"author":1,"featured_media":162,"parent":0,"menu_order":0,"comment_status":"closed","ping_status":"closed","template":"elementor_header_footer","meta":{"footnotes":""},"class_list":["post-72","page","type-page","status-publish","has-post-thumbnail","hentry","entry"],"_links":{"self":[{"href":"http:\/\/maison-bellevue-pont-du-gard.com\/de\/wp-json\/wp\/v2\/pages\/72","targetHints":{"allow":["GET"]}}],"collection":[{"href":"http:\/\/maison-bellevue-pont-du-gard.com\/de\/wp-json\/wp\/v2\/pages"}],"about":[{"href":"http:\/\/maison-bellevue-pont-du-gard.com\/de\/wp-json\/wp\/v2\/types\/page"}],"author":[{"embeddable":true,"href":"http:\/\/maison-bellevue-pont-du-gard.com\/de\/wp-json\/wp\/v2\/users\/1"}],"replies":[{"embeddable":true,"href":"http:\/\/maison-bellevue-pont-du-gard.com\/de\/wp-json\/wp\/v2\/comments?post=72"}],"version-history":[{"count":163,"href":"http:\/\/maison-bellevue-pont-du-gard.com\/de\/wp-json\/wp\/v2\/pages\/72\/revisions"}],"predecessor-version":[{"id":674,"href":"http:\/\/maison-bellevue-pont-du-gard.com\/de\/wp-json\/wp\/v2\/pages\/72\/revisions\/674"}],"wp:featuredmedia":[{"embeddable":true,"href":"http:\/\/maison-bellevue-pont-du-gard.com\/de\/wp-json\/wp\/v2\/media\/162"}],"wp:attachment":[{"href":"http:\/\/maison-bellevue-pont-du-gard.com\/de\/wp-json\/wp\/v2\/media?parent=72"}],"curies":[{"name":"wp","href":"https:\/\/api.w.org\/{rel}","templated":true}]}}